{"id":385,"date":"2018-02-03T12:59:03","date_gmt":"2018-02-03T11:59:03","guid":{"rendered":"http:\/\/lesfurieslyriques.com\/?page_id=385"},"modified":"2019-12-09T13:20:30","modified_gmt":"2019-12-09T12:20:30","slug":"la-vita-passeggiata","status":"publish","type":"page","link":"http:\/\/lesfurieslyriques.com\/?page_id=385","title":{"rendered":"La vita passeggiata"},"content":{"rendered":"<h4><span style=\"font-size: 18pt; color: #b04121;\"><strong>La vita passeggiata<\/strong><\/span><\/h4>\n<h4><div id=\"metaslider-id-481\" style=\"max-width: 550px;\" class=\"ml-slider-3-25-2 metaslider metaslider-flex metaslider-481 ml-slider nav-hidden\">\n    <div id=\"metaslider_container_481\">\n        <div id=\"metaslider_481\">\n            <ul aria-live=\"polite\" class=\"slides\">\n                <li style=\"display: block; width: 100%;\" class=\"slide-2088 ms-image\"><img src=\"http:\/\/lesfurieslyriques.com\/wp-content\/uploads\/2018\/10\/Vita-pass-groupe-2-light-550x360.jpg\" height=\"360\" width=\"550\" alt=\"\" class=\"slider-481 slide-2088\" title=\"Vita pass groupe 2 light\" \/><\/li>\n                <li style=\"display: none; width: 100%;\" class=\"slide-2090 ms-image\"><img src=\"http:\/\/lesfurieslyriques.com\/wp-content\/uploads\/2018\/10\/Vita-pass-KCML-light-550x360.jpg\" height=\"360\" width=\"550\" alt=\"\" class=\"slider-481 slide-2090\" title=\"Vita pass KC+ML light\" \/><\/li>\n                <li style=\"display: none; width: 100%;\" class=\"slide-2092 ms-image\"><img src=\"http:\/\/lesfurieslyriques.com\/wp-content\/uploads\/2018\/02\/IMG_8787-1-1-550x360.jpg\" height=\"360\" width=\"550\" alt=\"\" class=\"slider-481 slide-2092\" title=\"IMG_8787-1\" \/><\/li>\n                <li style=\"display: none; width: 100%;\" class=\"slide-2093 ms-image\"><img src=\"http:\/\/lesfurieslyriques.com\/wp-content\/uploads\/2018\/02\/Massimo-TAMMORRA-1-550x360.jpg\" height=\"360\" width=\"550\" alt=\"\" class=\"slider-481 slide-2093\" title=\"Massimo TAMMORRA\" \/><\/li>\n                <li style=\"display: none; width: 100%;\" class=\"slide-2095 ms-image\"><img src=\"http:\/\/lesfurieslyriques.com\/wp-content\/uploads\/2018\/10\/Vita-pass-groupe-re\u0301pe\u0300te-light-550x360.jpg\" height=\"360\" width=\"550\" alt=\"\" class=\"slider-481 slide-2095\" title=\"Vita pass groupe re\u0301pe\u0300te light\" \/><\/li>\n            <\/ul>\n        <\/div>\n        \n    <\/div>\n<\/div><\/h4>\n<div class=\"column\" style=\"text-align: justify;\">\n<p>C&rsquo;est le sud de l&rsquo;Italie qui est \u00e0 l&rsquo;honneur dans ce spectacle cont\u00e9. A travers des formes musicales et r\u00e9cit\u00e9es que l\u2019on trouve dans la musique baroque &#8211; particuli\u00e8rement \u00e0 la fin du XVIe si\u00e8cle et jusque dans la premi\u00e8re moiti\u00e9 du XVIIe si\u00e8cle &#8211; nous emmenons l\u2019auditeur de sa petite enfance jusqu\u2019\u00e0 l\u2019or\u00e9e de la mort et au-del\u00e0&#8230; Ce spectacle\u00a0 a \u00e9t\u00e9 imagin\u00e9 par Katya Cuozzo. 75 min.<\/p>\n<h1><span style=\"font-size: 14pt;\">Le spectacle<\/span><\/h1>\n<\/div>\n<p style=\"text-align: justify;\">La Vita Passeggiata se veut une m\u00e9ditation joyeuse sur les \u00e2ges de la vie.<\/p>\n<p style=\"text-align: justify;\">La musique baroque du d\u00e9but du 17e si\u00e8cle est extraordinaire par sa nature illustrative; elle est la plus apte \u00e0 \u00e9voquer avec fantaisie et force de contraste n\u2019importe quel propos. Elle a \u00e9galement l\u2019avantage de flirter \u00e0 la fois avec la musique populaire et la musique savante.<\/p>\n<div class=\"column\">\n<p style=\"text-align: justify;\">C\u2019est pour cela nous avons choisi de r\u00e9citer et de chanter, de jouer et de d\u00e9clamer, de conter des histoires humbles, comme des r\u00e9cits \u00e9piques, de vous emmener dans des croyances anciennes et des traditions archa\u00efques. Ainsi le tambour scande et r\u00e9veille la vie au plus profond de notre chaire, la viole pleure tandis que rient fl\u00fbte et violon soutenus tous par les plus c\u00e9l\u00e8bres basses obstin\u00e9es.<\/p>\n<p style=\"text-align: justify;\">\n<\/div>\n","protected":false},"excerpt":{"rendered":"<p>La vita passeggiata C&rsquo;est le sud de l&rsquo;Italie qui est \u00e0 l&rsquo;honneur dans ce spectacle cont\u00e9. A travers des formes musicales et r\u00e9cit\u00e9es que l\u2019on trouve dans la musique baroque &#8211; particuli\u00e8rement \u00e0 la fin du XVIe si\u00e8cle et jusque dans la premi\u00e8re moiti\u00e9 du XVIIe si\u00e8cle &#8211; nous emmenons l\u2019auditeur de sa petite enfance [&hellip;]<\/p>\n","protected":false},"author":1,"featured_media":0,"parent":1154,"menu_order":0,"comment_status":"closed","ping_status":"closed","template":"","meta":[],"_links":{"self":[{"href":"http:\/\/lesfurieslyriques.com\/index.php?rest_route=\/wp\/v2\/pages\/385"}],"collection":[{"href":"http:\/\/lesfurieslyriques.com\/index.php?rest_route=\/wp\/v2\/pages"}],"about":[{"href":"http:\/\/lesfurieslyriques.com\/index.php?rest_route=\/wp\/v2\/types\/page"}],"author":[{"embeddable":true,"href":"http:\/\/lesfurieslyriques.com\/index.php?rest_route=\/wp\/v2\/users\/1"}],"replies":[{"embeddable":true,"href":"http:\/\/lesfurieslyriques.com\/index.php?rest_route=%2Fwp%2Fv2%2Fcomments&post=385"}],"version-history":[{"count":26,"href":"http:\/\/lesfurieslyriques.com\/index.php?rest_route=\/wp\/v2\/pages\/385\/revisions"}],"predecessor-version":[{"id":2204,"href":"http:\/\/lesfurieslyriques.com\/index.php?rest_route=\/wp\/v2\/pages\/385\/revisions\/2204"}],"up":[{"embeddable":true,"href":"http:\/\/lesfurieslyriques.com\/index.php?rest_route=\/wp\/v2\/pages\/1154"}],"wp:attachment":[{"href":"http:\/\/lesfurieslyriques.com\/index.php?rest_route=%2Fwp%2Fv2%2Fmedia&parent=385"}],"curies":[{"name":"wp","href":"https:\/\/api.w.org\/{rel}","templated":true}]}}