{"id":243,"date":"2017-07-23T09:49:56","date_gmt":"2017-07-23T07:49:56","guid":{"rendered":"http:\/\/lesfurieslyriques.com\/?page_id=243"},"modified":"2019-07-15T14:47:43","modified_gmt":"2019-07-15T12:47:43","slug":"phantastical","status":"publish","type":"page","link":"http:\/\/lesfurieslyriques.com\/?page_id=243","title":{"rendered":"Phantastical"},"content":{"rendered":"<h4><span style=\"font-size: 18pt;\"><span style=\"color: #b04121;\"><strong>Phantastical<\/strong><\/span><br \/>\n<\/span><span style=\"font-size: 12pt;\">Musique baroque en grotte<\/span><\/h4>\n<p style=\"text-align: justify;\"><div id=\"metaslider-id-300\" style=\"max-width: 550px;\" class=\"ml-slider-3-25-2 metaslider metaslider-flex metaslider-300 ml-slider nav-hidden\">\n    <div id=\"metaslider_container_300\">\n        <div id=\"metaslider_300\">\n            <ul aria-live=\"polite\" class=\"slides\">\n                <li style=\"display: block; width: 100%;\" class=\"slide-1112 ms-image\"><img src=\"http:\/\/lesfurieslyriques.com\/wp-content\/uploads\/2018\/02\/DSC_0917-550x360.jpg\" height=\"360\" width=\"550\" alt=\"\" class=\"slider-300 slide-1112\" \/><\/li>\n                <li style=\"display: none; width: 100%;\" class=\"slide-562 ms-image\"><img src=\"http:\/\/lesfurieslyriques.com\/wp-content\/uploads\/2017\/07\/P1010132-550x360.jpg\" height=\"360\" width=\"550\" alt=\"\" class=\"slider-300 slide-562\" \/><div class=\"caption-wrap\"><div class=\"caption\">Pierre \u00e0 Cambot<\/div><\/div><\/li>\n                <li style=\"display: none; width: 100%;\" class=\"slide-2361 ms-image\"><img src=\"http:\/\/lesfurieslyriques.com\/wp-content\/uploads\/2020\/09\/20170622_194717-550x360.jpg\" height=\"360\" width=\"550\" alt=\"\" class=\"slider-300 slide-2361\" title=\"20170622_194717\" \/><\/li>\n                <li style=\"display: none; width: 100%;\" class=\"slide-2343 ms-image\"><img src=\"http:\/\/lesfurieslyriques.com\/wp-content\/uploads\/2020\/09\/Aristide-Raciote-2019-130-550x360.jpg\" height=\"360\" width=\"550\" alt=\"\" class=\"slider-300 slide-2343\" title=\"Aristide-Raciote-2019-130\" \/><div class=\"caption-wrap\"><div class=\"caption\">Moulins souterrains du Col-des-Roches<\/div><\/div><\/li>\n                <li style=\"display: none; width: 100%;\" class=\"slide-2341 ms-image\"><img src=\"http:\/\/lesfurieslyriques.com\/wp-content\/uploads\/2020\/09\/Aristide-Raciote-2019-142-550x360.jpg\" height=\"360\" width=\"550\" alt=\"\" class=\"slider-300 slide-2341\" title=\"Aristide-Raciote-2019-142\" \/><\/li>\n                <li style=\"display: none; width: 100%;\" class=\"slide-2340 ms-image\"><img src=\"http:\/\/lesfurieslyriques.com\/wp-content\/uploads\/2020\/09\/Aristide-Raciote-2019-144-550x360.jpg\" height=\"360\" width=\"550\" alt=\"\" class=\"slider-300 slide-2340\" title=\"Aristide-Raciote-2019-144\" \/><\/li>\n                <li style=\"display: none; width: 100%;\" class=\"slide-2039 ms-image\"><img src=\"http:\/\/lesfurieslyriques.com\/wp-content\/uploads\/2018\/06\/AP-Georges-de-la-Tour-moulins-550x360.jpg\" height=\"360\" width=\"550\" alt=\"\" class=\"slider-300 slide-2039\" title=\"AP Georges de la Tour moulins\" \/><\/li>\n                <li style=\"display: none; width: 100%;\" class=\"slide-2035 ms-image\"><img src=\"http:\/\/lesfurieslyriques.com\/wp-content\/uploads\/2018\/06\/KC-Moulins-550x360.jpg\" height=\"360\" width=\"550\" alt=\"\" class=\"slider-300 slide-2035\" title=\"KC Moulins\" \/><\/li>\n                <li style=\"display: none; width: 100%;\" class=\"slide-2359 ms-image\"><img src=\"http:\/\/lesfurieslyriques.com\/wp-content\/uploads\/2020\/09\/Aristide-Raciote-color-2019-30-recadr\u00e9-550x360.jpeg\" height=\"360\" width=\"550\" alt=\"\" class=\"slider-300 slide-2359\" title=\"Aristide-Raciote-color-2019-30 - recadr\u00e9\" \/><\/li>\n                <li style=\"display: none; width: 100%;\" class=\"slide-2038 ms-image\"><img src=\"http:\/\/lesfurieslyriques.com\/wp-content\/uploads\/2018\/06\/EC-John-Howe-2-550x360.jpg\" height=\"360\" width=\"550\" alt=\"\" class=\"slider-300 slide-2038\" title=\"EC John Howe 2\" \/><\/li>\n                <li style=\"display: none; width: 100%;\" class=\"slide-2352 ms-image\"><img src=\"http:\/\/lesfurieslyriques.com\/wp-content\/uploads\/2020\/09\/recadrage-550x360.jpeg\" height=\"360\" width=\"550\" alt=\"\" class=\"slider-300 slide-2352\" title=\"recadrage\" \/><\/li>\n                <li style=\"display: none; width: 100%;\" class=\"slide-2063 ms-image\"><img src=\"http:\/\/lesfurieslyriques.com\/wp-content\/uploads\/2018\/08\/Lac-souterrain-2-550x360.jpg\" height=\"360\" width=\"550\" alt=\"\" class=\"slider-300 slide-2063\" title=\"Lac souterrain 2\" \/><div class=\"caption-wrap\"><div class=\"caption\">Lac souterrain de St-L\u00e9onard<\/div><\/div><\/li>\n                <li style=\"display: none; width: 100%;\" class=\"slide-2062 ms-image\"><img src=\"http:\/\/lesfurieslyriques.com\/wp-content\/uploads\/2018\/08\/Lac-souterrain-1-550x360.jpg\" height=\"360\" width=\"550\" alt=\"\" class=\"slider-300 slide-2062\" title=\"Lac souterrain 1\" \/><\/li>\n                <li style=\"display: none; width: 100%;\" class=\"slide-2357 ms-image\"><img src=\"http:\/\/lesfurieslyriques.com\/wp-content\/uploads\/2020\/09\/Aristide-Raciote-2019-123-recadr\u00e9-550x360.jpeg\" height=\"360\" width=\"550\" alt=\"\" class=\"slider-300 slide-2357\" title=\"Aristide-Raciote-2019-123 - recadr\u00e9\" \/><\/li>\n                <li style=\"display: none; width: 100%;\" class=\"slide-2344 ms-image\"><img src=\"http:\/\/lesfurieslyriques.com\/wp-content\/uploads\/2020\/09\/Aristide-Raciote-color-2019-33-550x360.jpg\" height=\"360\" width=\"550\" alt=\"\" class=\"slider-300 slide-2344\" title=\"Aristide-Raciote-color-2019-33\" \/><\/li>\n            <\/ul>\n        <\/div>\n        \n    <\/div>\n<\/div><\/p>\n<p style=\"text-align: justify;\">PHANTASTICAL prend la forme d\u2019une performance musicale baroque jou\u00e9e principalement dans des grottes, mais aussi dans d&rsquo;autres lieux insolites. Sa dur\u00e9e ne d\u00e9passe pas les 50 minutes au vu de l\u2019humidit\u00e9 et de la temp\u00e9rature. Elle a \u00e9t\u00e9 imagin\u00e9e par Arielle Pestalozzi et Katya Cuozzo.<\/p>\n<h1><span style=\"color: #767676;\">Le spectacle<\/span><\/h1>\n<p style=\"text-align: justify;\">Le r\u00e9pertoire a \u00e9t\u00e9 soigneusement choisi parmi l\u2019univers fantastique de la musique baroque anglaise. Les textes des \u0153uvres et leur univers peupl\u00e9 de f\u00e9es, d\u2019esprits et de magiciens trouvent ais\u00e9ment forme dans l\u2019imaginaire des spectateurs gr\u00e2ce \u00e0 la p\u00e9nombre et aux contours suggestifs des lieux. Les voix des deux chanteuses se m\u00ealent aux \u00e9chos des cavit\u00e9s. Elles sont accompagn\u00e9es d\u2019un ensemble ad hoc de musiciens baroques exp\u00e9riment\u00e9s.<br \/>\nLe public, tant\u00f4t assis tant\u00f4t debout selon les possibilit\u00e9s, se laisse emporter au fil des sc\u00e8nes, o\u00f9 chanteuses et instrumentistes dialoguent et jouent. Il est ponctuellement invit\u00e9 \u00e0 participer, \u00e0 l\u2019aide de percussions aux timbres \u00e9tranges et vari\u00e9s, \u00e0 l\u2019ambiance du spectacle.<\/p>\n<p style=\"text-align: justify;\">La mise en sc\u00e8ne est adapt\u00e9e et r\u00e9invent\u00e9e pour chaque lieu par <strong>H\u00e9l\u00e8ne Cattin<\/strong>, ce qui rend tous les spectacles uniques.<\/p>\n<h3 style=\"text-align: justify;\"><\/h3>\n<h3 style=\"text-align: justify;\"><\/h3>\n<p style=\"text-align: justify;\">\n","protected":false},"excerpt":{"rendered":"<p>Phantastical Musique baroque en grotte PHANTASTICAL prend la forme d\u2019une performance musicale baroque jou\u00e9e principalement dans des grottes, mais aussi dans d&rsquo;autres lieux insolites. Sa dur\u00e9e ne d\u00e9passe pas les 50 minutes au vu de l\u2019humidit\u00e9 et de la temp\u00e9rature. Elle a \u00e9t\u00e9 imagin\u00e9e par Arielle Pestalozzi et Katya Cuozzo. Le spectacle Le r\u00e9pertoire a [&hellip;]<\/p>\n","protected":false},"author":1,"featured_media":0,"parent":1154,"menu_order":0,"comment_status":"closed","ping_status":"closed","template":"","meta":[],"_links":{"self":[{"href":"http:\/\/lesfurieslyriques.com\/index.php?rest_route=\/wp\/v2\/pages\/243"}],"collection":[{"href":"http:\/\/lesfurieslyriques.com\/index.php?rest_route=\/wp\/v2\/pages"}],"about":[{"href":"http:\/\/lesfurieslyriques.com\/index.php?rest_route=\/wp\/v2\/types\/page"}],"author":[{"embeddable":true,"href":"http:\/\/lesfurieslyriques.com\/index.php?rest_route=\/wp\/v2\/users\/1"}],"replies":[{"embeddable":true,"href":"http:\/\/lesfurieslyriques.com\/index.php?rest_route=%2Fwp%2Fv2%2Fcomments&post=243"}],"version-history":[{"count":49,"href":"http:\/\/lesfurieslyriques.com\/index.php?rest_route=\/wp\/v2\/pages\/243\/revisions"}],"predecessor-version":[{"id":2197,"href":"http:\/\/lesfurieslyriques.com\/index.php?rest_route=\/wp\/v2\/pages\/243\/revisions\/2197"}],"up":[{"embeddable":true,"href":"http:\/\/lesfurieslyriques.com\/index.php?rest_route=\/wp\/v2\/pages\/1154"}],"wp:attachment":[{"href":"http:\/\/lesfurieslyriques.com\/index.php?rest_route=%2Fwp%2Fv2%2Fmedia&parent=243"}],"curies":[{"name":"wp","href":"https:\/\/api.w.org\/{rel}","templated":true}]}}