{"id":21,"date":"2017-05-15T16:49:57","date_gmt":"2017-05-15T14:49:57","guid":{"rendered":"http:\/\/lesfurieslyriques.com\/?page_id=21"},"modified":"2023-05-08T11:48:00","modified_gmt":"2023-05-08T09:48:00","slug":"autour-de-la-voix","status":"publish","type":"page","link":"http:\/\/lesfurieslyriques.com\/?page_id=21","title":{"rendered":"Enseignement"},"content":{"rendered":"\n<h2><strong> <em>Les Furies Lyriques <\/em>propose des cours de chant et des stages:<\/strong><\/h2>\n\n\n\n<p>N&rsquo;h\u00e9sitez pas \u00e0 demander des renseignements par mail.<\/p>\n\n\n\n<h3><strong><span style=\"color: #993300;\">Cours de chant \u00e0 l&rsquo;ann\u00e9e:<\/span><\/strong><\/h3>\n\n\n\n<p class=\"has-text-align-center\">Gen\u00e8ve, Maison de la musique d&rsquo;Onex, avenue des Grandes Communes, 49<\/p>\n\n\n\n<p class=\"has-text-align-center\">Reignier, France<\/p>\n\n\n\n<p>Les \u00e9l\u00e8ves inscrits en chant \u00e0 l&rsquo;ann\u00e9e, peuvent avoir acc\u00e8s aux cr\u00e9ations, \u00e0 certaine r\u00e9p\u00e9tition, \u00e0 des ateliers. les \u00e9l\u00e8ves sont prioritaires pour les inscriptions aux stages.<\/p>\n\n\n\n<h3><span style=\"color: #993300;\"><strong>Stages enfants-petites et grandes vacances:<\/strong><\/span><\/h3>\n\n\n\n<h5>Stage Chanter Bouger S&rsquo;exprimer<\/h5>\n\n\n\n<figure class=\"wp-block-image size-large is-resized\"><img loading=\"lazy\" src=\"http:\/\/lesfurieslyriques.com\/wp-content\/uploads\/2023\/02\/20230208_120139-1-1024x568.jpg\" alt=\"\" class=\"wp-image-2421\" width=\"313\" height=\"173\" srcset=\"http:\/\/lesfurieslyriques.com\/wp-content\/uploads\/2023\/02\/20230208_120139-1-1024x568.jpg 1024w, http:\/\/lesfurieslyriques.com\/wp-content\/uploads\/2023\/02\/20230208_120139-1-300x166.jpg 300w, http:\/\/lesfurieslyriques.com\/wp-content\/uploads\/2023\/02\/20230208_120139-1-768x426.jpg 768w, http:\/\/lesfurieslyriques.com\/wp-content\/uploads\/2023\/02\/20230208_120139-1-1536x852.jpg 1536w, http:\/\/lesfurieslyriques.com\/wp-content\/uploads\/2023\/02\/20230208_120139-1-2048x1137.jpg 2048w, http:\/\/lesfurieslyriques.com\/wp-content\/uploads\/2023\/02\/20230208_120139-1-541x300.jpg 541w\" sizes=\"(max-width: 313px) 100vw, 313px\" \/><\/figure>\n\n\n\n<h5>Ces stages sont men\u00e9s en petit groupe de dix enfants au maximum. Le nombre limit\u00e9 permet un accueil adapt\u00e9 aux comp\u00e9tences, au rythme et \u00e0 la particularit\u00e9 de chaque enfant.<\/h5>\n\n\n\n<h5>A travers ces diff\u00e9rentes pratiques artistiques, compl\u00e9mentaires, les enfants explorent leur voix, leur aisance physique tout en d\u00e9veloppant leur imaginaire&nbsp;:<\/h5>\n\n\n\n<h5>Jeux d\u2019improvisation, jeux de rythme, prise de conscience de l\u2019espace et du temps, prise de conscience du souffle, exploration de la voix parl\u00e9e et chant\u00e9e et du sch\u00e9ma corporel, positionnement dans le groupe.<\/h5>\n\n\n\n<h5>L\u2019id\u00e9e de ces stages \u00e9tant de trouver de plus en plus d\u2019aisance \u00e0 chanter seul ou \u00e0 plusieurs tout en dansant et en s\u2019exprimant.<\/h5>\n\n\n\n<h5>Nous avons \u00e0 c\u0153ur d\u2019enseigner dans un esprit de partage, de convivialit\u00e9 et de compl\u00e9mentarit\u00e9 dans la joie et le plaisir d\u2019apprendre.<\/h5>\n\n\n\n<figure class=\"wp-block-image size-large is-resized\"><img loading=\"lazy\" src=\"http:\/\/lesfurieslyriques.com\/wp-content\/uploads\/2023\/02\/20230206_100830-1-1024x864.jpg\" alt=\"\" class=\"wp-image-2422\" width=\"199\" height=\"167\" srcset=\"http:\/\/lesfurieslyriques.com\/wp-content\/uploads\/2023\/02\/20230206_100830-1-1024x864.jpg 1024w, http:\/\/lesfurieslyriques.com\/wp-content\/uploads\/2023\/02\/20230206_100830-1-300x253.jpg 300w, http:\/\/lesfurieslyriques.com\/wp-content\/uploads\/2023\/02\/20230206_100830-1-768x648.jpg 768w, http:\/\/lesfurieslyriques.com\/wp-content\/uploads\/2023\/02\/20230206_100830-1-1536x1296.jpg 1536w, http:\/\/lesfurieslyriques.com\/wp-content\/uploads\/2023\/02\/20230206_100830-1-2048x1728.jpg 2048w, http:\/\/lesfurieslyriques.com\/wp-content\/uploads\/2023\/02\/20230206_100830-1-355x300.jpg 355w\" sizes=\"(max-width: 199px) 100vw, 199px\" \/><\/figure>\n\n\n\n<h3><span style=\"color: #993300;\"><strong>Stages adultes week-end :<\/strong><\/span><\/h3>\n\n\n\n<h5>Mouvement &amp; Voix:<\/h5>\n\n\n\n<h5><em>Du corps en mouvement au chant et du chant \u00e0 la danse.<\/em><\/h5>\n\n\n\n<h5>Dans ces stages nous vous proposons une pr\u00e9paration du corps pour aller vers la voix et avec la voix d&rsquo;accompagner le mouvement. Ensemble, gr\u00e2ce \u00e0 l&rsquo;imagination et aux sensations, nous essayerons d&rsquo;ouvrir d&rsquo;autres portes. Nous \u00ab\u00a0ferons danse\u00a0\u00bb du moindre geste, de n&rsquo;importe quelle partie de notre corps, quelqu&rsquo;il soit, du presque rien et du plaisir d&rsquo;\u00eatre en mouvement. Nous jouerons avec notre souffle, avec notre voix en s&rsquo;amusant avec nos limites pour explorer le chant et le l\u00e2cher-prise. Niveau requis: l&rsquo;envie d&rsquo;essayer!<\/h5>\n\n\n\n<p><\/p>\n","protected":false},"excerpt":{"rendered":"<p>Les Furies Lyriques propose des cours de chant et des stages: N&rsquo;h\u00e9sitez pas \u00e0 demander des renseignements par mail. Cours de chant \u00e0 l&rsquo;ann\u00e9e: Gen\u00e8ve, Maison de la musique d&rsquo;Onex, avenue des Grandes Communes, 49 Reignier, France Les \u00e9l\u00e8ves inscrits en chant \u00e0 l&rsquo;ann\u00e9e, peuvent avoir acc\u00e8s aux cr\u00e9ations, \u00e0 certaine r\u00e9p\u00e9tition, \u00e0 des ateliers. [&hellip;]<\/p>\n","protected":false},"author":1,"featured_media":0,"parent":0,"menu_order":0,"comment_status":"closed","ping_status":"closed","template":"","meta":[],"_links":{"self":[{"href":"http:\/\/lesfurieslyriques.com\/index.php?rest_route=\/wp\/v2\/pages\/21"}],"collection":[{"href":"http:\/\/lesfurieslyriques.com\/index.php?rest_route=\/wp\/v2\/pages"}],"about":[{"href":"http:\/\/lesfurieslyriques.com\/index.php?rest_route=\/wp\/v2\/types\/page"}],"author":[{"embeddable":true,"href":"http:\/\/lesfurieslyriques.com\/index.php?rest_route=\/wp\/v2\/users\/1"}],"replies":[{"embeddable":true,"href":"http:\/\/lesfurieslyriques.com\/index.php?rest_route=%2Fwp%2Fv2%2Fcomments&post=21"}],"version-history":[{"count":35,"href":"http:\/\/lesfurieslyriques.com\/index.php?rest_route=\/wp\/v2\/pages\/21\/revisions"}],"predecessor-version":[{"id":2437,"href":"http:\/\/lesfurieslyriques.com\/index.php?rest_route=\/wp\/v2\/pages\/21\/revisions\/2437"}],"wp:attachment":[{"href":"http:\/\/lesfurieslyriques.com\/index.php?rest_route=%2Fwp%2Fv2%2Fmedia&parent=21"}],"curies":[{"name":"wp","href":"https:\/\/api.w.org\/{rel}","templated":true}]}}