{"id":180,"date":"2017-06-23T13:22:01","date_gmt":"2017-06-23T11:22:01","guid":{"rendered":"http:\/\/lesfurieslyriques.com\/?page_id=180"},"modified":"2019-01-11T10:28:42","modified_gmt":"2019-01-11T09:28:42","slug":"carnaval-des-vieilles-poules","status":"publish","type":"page","link":"http:\/\/lesfurieslyriques.com\/?page_id=180","title":{"rendered":"Le nouveau carnaval des vieilles poules"},"content":{"rendered":"<h4><span style=\"font-size: 18pt; color: #b04121;\"><strong>Le nouveau carnaval des vieilles poules<br \/>\n<\/strong><\/span><span style=\"font-size: 14pt;\">Mise en lumi\u00e8re de l&rsquo;oeuvre de Reynaldo Hahn (1874-1947)<\/span><\/h4>\n<div id=\"metaslider-id-2172\" style=\"max-width: 550px;\" class=\"ml-slider-3-25-2 metaslider metaslider-flex metaslider-2172 ml-slider nav-hidden\">\n    <div id=\"metaslider_container_2172\">\n        <div id=\"metaslider_2172\">\n            <ul aria-live=\"polite\" class=\"slides\">\n                <li style=\"display: block; width: 100%;\" class=\"slide-2173 ms-image\"><img src=\"http:\/\/lesfurieslyriques.com\/wp-content\/uploads\/2019\/01\/Capture-d\u2019\u00e9cran-2019-01-11-\u00e0-10.31.23-550x360.png\" height=\"360\" width=\"550\" alt=\"\" class=\"slider-2172 slide-2173\" title=\"Capture d\u2019\u00e9cran 2019-01-11 \u00e0 10.31.23\" \/><\/li>\n                <li style=\"display: none; width: 100%;\" class=\"slide-2174 ms-image\"><img src=\"http:\/\/lesfurieslyriques.com\/wp-content\/uploads\/2019\/01\/PHOTO-2019-NCVP-5-jpg-550x360.jpg\" height=\"360\" width=\"550\" alt=\"\" class=\"slider-2172 slide-2174\" title=\"PHOTO-2019- NCVP 5 jpg\" \/><\/li>\n                <li style=\"display: none; width: 100%;\" class=\"slide-2175 ms-image\"><img src=\"http:\/\/lesfurieslyriques.com\/wp-content\/uploads\/2019\/01\/PHOTO-2019-NCVP-6-jpg-550x360.jpg\" height=\"360\" width=\"550\" alt=\"\" class=\"slider-2172 slide-2175\" title=\"PHOTO-2019- NCVP 6 jpg\" \/><\/li>\n                <li style=\"display: none; width: 100%;\" class=\"slide-2176 ms-image\"><img src=\"http:\/\/lesfurieslyriques.com\/wp-content\/uploads\/2019\/01\/PHOTO-2019-NCVP-3--550x360.jpg\" height=\"360\" width=\"550\" alt=\"\" class=\"slider-2172 slide-2176\" title=\"PHOTO-2019 NCVP 3\" \/><\/li>\n                <li style=\"display: none; width: 100%;\" class=\"slide-2177 ms-image\"><img src=\"http:\/\/lesfurieslyriques.com\/wp-content\/uploads\/2019\/01\/PHOTO-2019-NCVP-2-550x360.jpg\" height=\"360\" width=\"550\" alt=\"\" class=\"slider-2172 slide-2177\" title=\"PHOTO-2019-NCVP 2\" \/><\/li>\n            <\/ul>\n        <\/div>\n        \n    <\/div>\n<\/div>\n<p style=\"text-align: justify;\">Au vu du succ\u00e8s du premier spectacle \u00ab Le Carnaval des Vieilles Poules\u00a0\u00bb\u00a0en 2015, cr\u00e9e et jou\u00e9 au Caveau du C\u0153ur d\u2019Or, au Th\u00e9\u00e2tre de Baulmes, au Caf\u00e9 de la Voirie etc\u2026 l\u2019enthousiasme du com\u00e9dien-metteur en sc\u00e8ne Benjamin Cuche, nous porte vers une collaboration pour une nouvelle cr\u00e9ation.<\/p>\n<p style=\"text-align: justify;\">Par cette seconde version, avec lui, nous d\u00e9cidons de continuer le travail de recherche et de mise en lumi\u00e8re tant la vie et la musique du compositeur Reynaldo Hahn est foisonnante et reste \u00e0 d\u00e9couvrir. Nous choisissons cette fois la forme d\u2019un BIOPIC.<\/p>\n<h1><span style=\"font-size: 14pt;\">Le spectacle<\/span><\/h1>\n<p style=\"text-align: justify;\">Le petit Nano et sa famille quitte le Venezuela pour Paris &#8230;. De quoi sera faite sa vie dans la ville des Lumi\u00e8res alors que le si\u00e8cle est \u00e0 son tournant?<\/p>\n<p style=\"text-align: justify;\">Ce \u00ab <em>Nouveau<\/em>\u00a0<em>Carnaval des Vielles Poules\u00a0\u00bb<\/em> est l\u2019occasion de d\u00e9peindre un contexte historique qui entre en r\u00e9sonnance avec notre actualit\u00e9 et nous questionne sur des th\u00e8mes d\u2019aujourd\u2019hui comme l\u2019immigration, l\u2019identit\u00e9 nationale, l\u2019effort qui peut se faire dans l\u2019amusement.<\/p>\n<p style=\"text-align: justify;\">Cette cr\u00e9ation peut faire l\u2019objet de repr\u00e9sentations scolaires et d\u2019un travail autour des th\u00e8mes qui s\u2019en d\u00e9gagent\u00a0: l\u2019Entre-Deux Guerres, l\u2019engagement patriotique, la Belle Epoque et un travail musical et litt\u00e9raire autour de la po\u00e9sie fran\u00e7aise\u00a0: Verlaine, Hugo, Daudet, les \u00ab\u00a0paroliers\u00a0\u00bb des compositeurs de l\u2019\u00e9poque.<\/p>\n<p style=\"text-align: justify;\"><span style=\"color: #b04121;\"><em>\u00ab &#8230; cet \u00ab instrument de musique de g\u00e9nie \u00bb qui s&rsquo;appelle Reynaldo Hahn \u00e9treint tous les c\u0153urs, mouille tous les yeux, dans le frisson d&rsquo;admiration qu&rsquo;il propage au loin et qui nous fait trembler, nous courbe tous l&rsquo;un apr\u00e8s l&rsquo;autre, dans une silencieuse et solennelle ondulation des bl\u00e9s sous le vent. \u00bb<\/em><em>\u2028\u00a0<\/em>Marcel PROUST<\/span><\/p>\n","protected":false},"excerpt":{"rendered":"<p>Le nouveau carnaval des vieilles poules Mise en lumi\u00e8re de l&rsquo;oeuvre de Reynaldo Hahn (1874-1947) Au vu du succ\u00e8s du premier spectacle \u00ab Le Carnaval des Vieilles Poules\u00a0\u00bb\u00a0en 2015, cr\u00e9e et jou\u00e9 au Caveau du C\u0153ur d\u2019Or, au Th\u00e9\u00e2tre de Baulmes, au Caf\u00e9 de la Voirie etc\u2026 l\u2019enthousiasme du com\u00e9dien-metteur en sc\u00e8ne Benjamin Cuche, nous [&hellip;]<\/p>\n","protected":false},"author":1,"featured_media":0,"parent":1154,"menu_order":0,"comment_status":"closed","ping_status":"closed","template":"","meta":[],"_links":{"self":[{"href":"http:\/\/lesfurieslyriques.com\/index.php?rest_route=\/wp\/v2\/pages\/180"}],"collection":[{"href":"http:\/\/lesfurieslyriques.com\/index.php?rest_route=\/wp\/v2\/pages"}],"about":[{"href":"http:\/\/lesfurieslyriques.com\/index.php?rest_route=\/wp\/v2\/types\/page"}],"author":[{"embeddable":true,"href":"http:\/\/lesfurieslyriques.com\/index.php?rest_route=\/wp\/v2\/users\/1"}],"replies":[{"embeddable":true,"href":"http:\/\/lesfurieslyriques.com\/index.php?rest_route=%2Fwp%2Fv2%2Fcomments&post=180"}],"version-history":[{"count":22,"href":"http:\/\/lesfurieslyriques.com\/index.php?rest_route=\/wp\/v2\/pages\/180\/revisions"}],"predecessor-version":[{"id":2186,"href":"http:\/\/lesfurieslyriques.com\/index.php?rest_route=\/wp\/v2\/pages\/180\/revisions\/2186"}],"up":[{"embeddable":true,"href":"http:\/\/lesfurieslyriques.com\/index.php?rest_route=\/wp\/v2\/pages\/1154"}],"wp:attachment":[{"href":"http:\/\/lesfurieslyriques.com\/index.php?rest_route=%2Fwp%2Fv2%2Fmedia&parent=180"}],"curies":[{"name":"wp","href":"https:\/\/api.w.org\/{rel}","templated":true}]}}